{"id":223,"date":"2020-11-20T14:47:48","date_gmt":"2020-11-20T13:47:48","guid":{"rendered":"http:\/\/www.charles-christ.fr\/restauration\/?page_id=223"},"modified":"2021-04-13T14:55:47","modified_gmt":"2021-04-13T12:55:47","slug":"notre-etat-esprit","status":"publish","type":"page","link":"https:\/\/www.charles-christ.fr\/restauration\/qui-sommes-nous\/notre-etat-esprit\/","title":{"rendered":"Notre \u00e9tat d&rsquo;esprit"},"content":{"rendered":"","protected":false},"excerpt":{"rendered":"","protected":false},"author":1,"featured_media":0,"parent":31,"menu_order":1,"comment_status":"closed","ping_status":"closed","template":"","meta":{"_acf_changed":false,"footnotes":""},"class_list":["post-223","page","type-page","status-publish","hentry"],"acf":[],"yoast_head":"<!-- This site is optimized with the Yoast SEO plugin v27.2 - https:\/\/yoast.com\/product\/yoast-seo-wordpress\/ -->\n<title>Notre \u00e9tat d&#039;esprit - Charles Christ Restauration<\/title>\n<meta name=\"description\" content=\"Conserverie familiale fran\u00e7aise nous faisons des plats pr\u00e9par\u00e9s de qualit\u00e9 pour vous aider dans la pr\u00e9paration de vos plats au quotidien.\" \/>\n<meta name=\"robots\" content=\"index, follow, max-snippet:-1, max-image-preview:large, max-video-preview:-1\" \/>\n<link rel=\"canonical\" href=\"https:\/\/www.charles-christ.fr\/restauration\/qui-sommes-nous\/notre-etat-esprit\/\" \/>\n<meta property=\"og:locale\" content=\"fr_FR\" \/>\n<meta property=\"og:type\" content=\"article\" \/>\n<meta property=\"og:title\" content=\"Notre \u00e9tat d&#039;esprit - Charles Christ Restauration\" \/>\n<meta property=\"og:description\" content=\"Conserverie familiale fran\u00e7aise nous faisons des plats pr\u00e9par\u00e9s de qualit\u00e9 pour vous aider dans la pr\u00e9paration de vos plats au quotidien.\" \/>\n<meta property=\"og:url\" content=\"https:\/\/www.charles-christ.fr\/restauration\/qui-sommes-nous\/notre-etat-esprit\/\" \/>\n<meta property=\"og:site_name\" content=\"Charles Christ Restauration\" \/>\n<meta property=\"article:modified_time\" content=\"2021-04-13T12:55:47+00:00\" \/>\n<meta name=\"twitter:card\" content=\"summary_large_image\" \/>\n<script type=\"application\/ld+json\" class=\"yoast-schema-graph\">{\"@context\":\"https:\/\/schema.org\",\"@graph\":[{\"@type\":\"WebPage\",\"@id\":\"https:\/\/www.charles-christ.fr\/restauration\/qui-sommes-nous\/notre-etat-esprit\/\",\"url\":\"https:\/\/www.charles-christ.fr\/restauration\/qui-sommes-nous\/notre-etat-esprit\/\",\"name\":\"Notre \u00e9tat d'esprit - Charles Christ Restauration\",\"isPartOf\":{\"@id\":\"https:\/\/www.charles-christ.fr\/restauration\/#website\"},\"datePublished\":\"2020-11-20T13:47:48+00:00\",\"dateModified\":\"2021-04-13T12:55:47+00:00\",\"description\":\"Conserverie familiale fran\u00e7aise nous faisons des plats pr\u00e9par\u00e9s de qualit\u00e9 pour vous aider dans la pr\u00e9paration de vos plats au quotidien.\",\"breadcrumb\":{\"@id\":\"https:\/\/www.charles-christ.fr\/restauration\/qui-sommes-nous\/notre-etat-esprit\/#breadcrumb\"},\"inLanguage\":\"fr-FR\",\"potentialAction\":[{\"@type\":\"ReadAction\",\"target\":[\"https:\/\/www.charles-christ.fr\/restauration\/qui-sommes-nous\/notre-etat-esprit\/\"]}]},{\"@type\":\"BreadcrumbList\",\"@id\":\"https:\/\/www.charles-christ.fr\/restauration\/qui-sommes-nous\/notre-etat-esprit\/#breadcrumb\",\"itemListElement\":[{\"@type\":\"ListItem\",\"position\":1,\"name\":\"Charles Christ\",\"item\":\"https:\/\/www.charles-christ.fr\/restauration\/qui-sommes-nous\/\"},{\"@type\":\"ListItem\",\"position\":2,\"name\":\"Notre \u00e9tat d&rsquo;esprit\"}]},{\"@type\":\"WebSite\",\"@id\":\"https:\/\/www.charles-christ.fr\/restauration\/#website\",\"url\":\"https:\/\/www.charles-christ.fr\/restauration\/\",\"name\":\"Charles Christ Restauration\",\"description\":\"Plats cuisin\u00e9s fran\u00e7ais depuis 1929\",\"potentialAction\":[{\"@type\":\"SearchAction\",\"target\":{\"@type\":\"EntryPoint\",\"urlTemplate\":\"https:\/\/www.charles-christ.fr\/restauration\/?s={search_term_string}\"},\"query-input\":{\"@type\":\"PropertyValueSpecification\",\"valueRequired\":true,\"valueName\":\"search_term_string\"}}],\"inLanguage\":\"fr-FR\"}]}<\/script>\n<!-- \/ Yoast SEO plugin. -->","yoast_head_json":{"title":"Notre \u00e9tat d'esprit - Charles Christ Restauration","description":"Conserverie familiale fran\u00e7aise nous faisons des plats pr\u00e9par\u00e9s de qualit\u00e9 pour vous aider dans la pr\u00e9paration de vos plats au quotidien.","robots":{"index":"index","follow":"follow","max-snippet":"max-snippet:-1","max-image-preview":"max-image-preview:large","max-video-preview":"max-video-preview:-1"},"canonical":"https:\/\/www.charles-christ.fr\/restauration\/qui-sommes-nous\/notre-etat-esprit\/","og_locale":"fr_FR","og_type":"article","og_title":"Notre \u00e9tat d'esprit - Charles Christ Restauration","og_description":"Conserverie familiale fran\u00e7aise nous faisons des plats pr\u00e9par\u00e9s de qualit\u00e9 pour vous aider dans la pr\u00e9paration de vos plats au quotidien.","og_url":"https:\/\/www.charles-christ.fr\/restauration\/qui-sommes-nous\/notre-etat-esprit\/","og_site_name":"Charles Christ Restauration","article_modified_time":"2021-04-13T12:55:47+00:00","twitter_card":"summary_large_image","schema":{"@context":"https:\/\/schema.org","@graph":[{"@type":"WebPage","@id":"https:\/\/www.charles-christ.fr\/restauration\/qui-sommes-nous\/notre-etat-esprit\/","url":"https:\/\/www.charles-christ.fr\/restauration\/qui-sommes-nous\/notre-etat-esprit\/","name":"Notre \u00e9tat d'esprit - Charles Christ Restauration","isPartOf":{"@id":"https:\/\/www.charles-christ.fr\/restauration\/#website"},"datePublished":"2020-11-20T13:47:48+00:00","dateModified":"2021-04-13T12:55:47+00:00","description":"Conserverie familiale fran\u00e7aise nous faisons des plats pr\u00e9par\u00e9s de qualit\u00e9 pour vous aider dans la pr\u00e9paration de vos plats au quotidien.","breadcrumb":{"@id":"https:\/\/www.charles-christ.fr\/restauration\/qui-sommes-nous\/notre-etat-esprit\/#breadcrumb"},"inLanguage":"fr-FR","potentialAction":[{"@type":"ReadAction","target":["https:\/\/www.charles-christ.fr\/restauration\/qui-sommes-nous\/notre-etat-esprit\/"]}]},{"@type":"BreadcrumbList","@id":"https:\/\/www.charles-christ.fr\/restauration\/qui-sommes-nous\/notre-etat-esprit\/#breadcrumb","itemListElement":[{"@type":"ListItem","position":1,"name":"Charles Christ","item":"https:\/\/www.charles-christ.fr\/restauration\/qui-sommes-nous\/"},{"@type":"ListItem","position":2,"name":"Notre \u00e9tat d&rsquo;esprit"}]},{"@type":"WebSite","@id":"https:\/\/www.charles-christ.fr\/restauration\/#website","url":"https:\/\/www.charles-christ.fr\/restauration\/","name":"Charles Christ Restauration","description":"Plats cuisin\u00e9s fran\u00e7ais depuis 1929","potentialAction":[{"@type":"SearchAction","target":{"@type":"EntryPoint","urlTemplate":"https:\/\/www.charles-christ.fr\/restauration\/?s={search_term_string}"},"query-input":{"@type":"PropertyValueSpecification","valueRequired":true,"valueName":"search_term_string"}}],"inLanguage":"fr-FR"}]}},"_links":{"self":[{"href":"https:\/\/www.charles-christ.fr\/restauration\/wp-json\/wp\/v2\/pages\/223","targetHints":{"allow":["GET"]}}],"collection":[{"href":"https:\/\/www.charles-christ.fr\/restauration\/wp-json\/wp\/v2\/pages"}],"about":[{"href":"https:\/\/www.charles-christ.fr\/restauration\/wp-json\/wp\/v2\/types\/page"}],"author":[{"embeddable":true,"href":"https:\/\/www.charles-christ.fr\/restauration\/wp-json\/wp\/v2\/users\/1"}],"replies":[{"embeddable":true,"href":"https:\/\/www.charles-christ.fr\/restauration\/wp-json\/wp\/v2\/comments?post=223"}],"version-history":[{"count":54,"href":"https:\/\/www.charles-christ.fr\/restauration\/wp-json\/wp\/v2\/pages\/223\/revisions"}],"predecessor-version":[{"id":969,"href":"https:\/\/www.charles-christ.fr\/restauration\/wp-json\/wp\/v2\/pages\/223\/revisions\/969"}],"up":[{"embeddable":true,"href":"https:\/\/www.charles-christ.fr\/restauration\/wp-json\/wp\/v2\/pages\/31"}],"wp:attachment":[{"href":"https:\/\/www.charles-christ.fr\/restauration\/wp-json\/wp\/v2\/media?parent=223"}],"curies":[{"name":"wp","href":"https:\/\/api.w.org\/{rel}","templated":true}]}}