{"id":3,"date":"2020-02-27T10:10:31","date_gmt":"2020-02-27T09:10:31","guid":{"rendered":"http:\/\/www.charles-christ.fr\/restauration\/?page_id=3"},"modified":"2021-04-12T16:08:32","modified_gmt":"2021-04-12T14:08:32","slug":"politique-de-confidentialite","status":"publish","type":"page","link":"https:\/\/www.charles-christ.fr\/restauration\/politique-de-confidentialite\/","title":{"rendered":"Politique de confidentialit\u00e9"},"content":{"rendered":"\r\n<h2 class=\"wp-block-heading\">Qui sommes-nous\u00a0?<\/h2>\r\n\r\n\r\n\r\n<p>L\u2019adresse de notre site Web est\u00a0: http:\/\/www.charles-christ.fr\/restauration.<\/p>\r\n\r\n\r\n\r\n<h2 class=\"wp-block-heading\">Utilisation des donn\u00e9es personnelles collect\u00e9es<\/h2>\r\n\r\n\r\n\r\n<h3 class=\"wp-block-heading\">Commentaires<\/h3>\r\n\r\n\r\n\r\n<p>Quand vous laissez un commentaire sur notre site web, les donn\u00e9es inscrites dans le formulaire de commentaire, mais aussi votre adresse IP et l\u2019agent utilisateur de votre navigateur sont collect\u00e9s pour nous aider \u00e0 la d\u00e9tection des commentaires ind\u00e9sirables.<\/p>\r\n\r\n\r\n\r\n<p>Une cha\u00eene anonymis\u00e9e cr\u00e9\u00e9e \u00e0 partir de votre adresse de messagerie (\u00e9galement appel\u00e9e hash) peut \u00eatre envoy\u00e9e au service Gravatar pour v\u00e9rifier si vous utilisez ce dernier. Les clauses de confidentialit\u00e9 du service Gravatar sont disponibles ici\u00a0: https:\/\/automattic.com\/privacy\/. Apr\u00e8s validation de votre commentaire, votre photo de profil sera visible publiquement \u00e0 cot\u00e9 de votre commentaire.<\/p>\r\n\r\n\r\n\r\n<h3 class=\"wp-block-heading\">M\u00e9dias<\/h3>\r\n\r\n\r\n\r\n<p>Si vous \u00eates un utilisateur ou une utilisatrice enregistr\u00e9\u00b7e et que vous t\u00e9l\u00e9versez des images sur le site web, nous vous conseillons d\u2019\u00e9viter de t\u00e9l\u00e9verser des images contenant des donn\u00e9es EXIF de coordonn\u00e9es GPS. Les visiteurs de votre site web peuvent t\u00e9l\u00e9charger et extraire des donn\u00e9es de localisation depuis ces images.<\/p>\r\n\r\n\r\n\r\n<h3 class=\"wp-block-heading\">Formulaires de contact<\/h3>\r\n<p>Lorsque vous compl\u00e9tez le formulaire de contact dans l&rsquo;onglet contact de notre site diff\u00e9rentes donn\u00e9es seront enregistr\u00e9e comme: le nom, le pr\u00e9nom, l&rsquo;adresse, le num\u00e9ro de t\u00e9l\u00e9phone et l&rsquo;adresse mail. Ces donn\u00e9es sont demand\u00e9es et enregistr\u00e9e pour r\u00e9pondre au mieux et dans les meilleurs d\u00e9lais a votre demande. Ces donn\u00e9es sont conserv\u00e9es ind\u00e9finiment pour une meilleure exp\u00e9rience client.<\/p>\r\n\r\n\r\n\r\n<h3 class=\"wp-block-heading\">Cookies<\/h3>\r\n\r\n\r\n\r\n<p>Si vous d\u00e9posez un commentaire sur notre site, il vous sera propos\u00e9 d\u2019enregistrer votre nom, adresse de messagerie et site web dans des cookies. C\u2019est uniquement pour votre confort afin de ne pas avoir \u00e0 saisir ces informations si vous d\u00e9posez un autre commentaire plus tard. Ces cookies expirent au bout d\u2019un an.<\/p>\r\n\r\n\r\n\r\n<p>Si vous vous rendez sur la page de connexion, un cookie temporaire sera cr\u00e9\u00e9 afin de d\u00e9terminer si votre navigateur accepte les cookies. Il ne contient pas de donn\u00e9es personnelles et sera supprim\u00e9 automatiquement \u00e0 la fermeture de votre navigateur.<\/p>\r\n\r\n\r\n\r\n<p>Lorsque vous vous connecterez, nous mettrons en place un certain nombre de cookies pour enregistrer vos informations de connexion et vos pr\u00e9f\u00e9rences d\u2019\u00e9cran. La dur\u00e9e de vie d\u2019un cookie de connexion est de deux jours, celle d\u2019un cookie d\u2019option d\u2019\u00e9cran est d\u2019un an. Si vous cochez \u00ab\u00a0Se souvenir de moi\u00a0\u00bb, votre cookie de connexion sera conserv\u00e9 pendant deux semaines. Si vous vous d\u00e9connectez de votre compte, le cookie de connexion sera effac\u00e9.<\/p>\r\n\r\n\r\n\r\n<p>En modifiant ou en publiant une publication, un cookie suppl\u00e9mentaire sera enregistr\u00e9 dans votre navigateur. Ce cookie ne comprend aucune donn\u00e9e personnelle. Il indique simplement l\u2019ID de la publication que vous venez de modifier. Il expire au bout d\u2019un jour.<\/p>\r\n\r\n\r\n\r\n<h3 class=\"wp-block-heading\">Contenu embarqu\u00e9 depuis d\u2019autres sites<\/h3>\r\n\r\n\r\n\r\n<p>Les articles de ce site peuvent inclure des contenus int\u00e9gr\u00e9s (par exemple des vid\u00e9os, images, articles\u2026). Le contenu int\u00e9gr\u00e9 depuis d\u2019autres sites se comporte de la m\u00eame mani\u00e8re que si le visiteur se rendait sur cet autre site.<\/p>\r\n\r\n\r\n\r\n<p>Ces sites web pourraient collecter des donn\u00e9es sur vous, utiliser des cookies, embarquer des outils de suivis tiers, suivre vos interactions avec ces contenus embarqu\u00e9s si vous disposez d\u2019un compte connect\u00e9 sur leur site web.<\/p>\r\n\r\n\r\n\r\n\r\n\r\n<h2 class=\"wp-block-heading\">Utilisation et transmission de vos donn\u00e9es personnelles<\/h2>\r\n\r\n\r\n\r\n<h3 class=\"wp-block-heading\">Dur\u00e9es de stockage de vos donn\u00e9es<\/h3>\r\n\r\n\r\n\r\n<p>Si vous laissez un commentaire, le commentaire et ses m\u00e9tadonn\u00e9es sont conserv\u00e9s ind\u00e9finiment. Cela permet de reconna\u00eetre et approuver automatiquement les commentaires suivants au lieu de les laisser dans la file de mod\u00e9ration.<\/p>\r\n\r\n\r\n\r\n<p>Pour les utilisateurs et utilisatrices qui s\u2019enregistrent sur notre site (si cela est possible), nous stockons \u00e9galement les donn\u00e9es personnelles indiqu\u00e9es dans leur profil. Tous les utilisateurs et utilisatrices peuvent voir, modifier ou supprimer leurs informations personnelles \u00e0 tout moment (\u00e0 l\u2019exception de leur nom d\u2019utilisateur\u00b7ice). Les gestionnaires du site peuvent aussi voir et modifier ces informations.<\/p>\r\n\r\n\r\n\r\n<h3 class=\"wp-block-heading\">Les droits que vous avez sur vos donn\u00e9es<\/h3>\r\n\r\n\r\n\r\n<p>Si vous avez un compte ou si vous avez laiss\u00e9 des commentaires sur le site, vous pouvez demander \u00e0 recevoir un fichier contenant toutes les donn\u00e9es personnelles que nous poss\u00e9dons \u00e0 votre sujet, incluant celles que vous nous avez fournies. Vous pouvez \u00e9galement demander la suppression des donn\u00e9es personnelles vous concernant. Cela ne prend pas en compte les donn\u00e9es stock\u00e9es \u00e0 des fins administratives, l\u00e9gales ou pour des raisons de s\u00e9curit\u00e9.<\/p>\r\n\r\n\r\n\r\n<h3 class=\"wp-block-heading\">Transmission de vos donn\u00e9es personnelles<\/h3>\r\n\r\n\r\n\r\n<p>Les commentaires des visiteurs peuvent \u00eatre v\u00e9rifi\u00e9s \u00e0 l\u2019aide d\u2019un service automatis\u00e9 de d\u00e9tection des commentaires ind\u00e9sirables. Les donn\u00e9es \u00e0 caract\u00e8re personnel collect\u00e9es par le site ne sont transmises \u00e0 aucun tiers, et ne sont trait\u00e9es que par l&rsquo;\u00e9diteur du site.<\/p>\r\n\r\n\r\n\r\n<h3 class=\"wp-block-heading\">Informations de contact<\/h3>\r\n<p>Conform\u00e9ment \u00e0 la r\u00e9glementation concernant le traitement des donn\u00e9es \u00e0 caract\u00e8re personnel, l&rsquo;utilisateur poss\u00e8de des droits d&rsquo;acc\u00e8s, de rectification et d\u2019effacement. Pour toute demande veuillez nous joindre via le formulaire de contact avec l&rsquo;objet \u00ab\u00a0Formuler une autre demande\u00a0\u00bb.<\/p>\r\n\r\n\r\n\r\n\r\n","protected":false},"excerpt":{"rendered":"<p>Qui sommes-nous\u00a0? L\u2019adresse de notre site Web est\u00a0: http:\/\/www.charles-christ.fr\/restauration. Utilisation des donn\u00e9es personnelles collect\u00e9es Commentaires Quand vous laissez un commentaire sur notre site web, les donn\u00e9es inscrites dans le formulaire de commentaire, mais aussi votre adresse IP et l\u2019agent utilisateur de votre navigateur sont collect\u00e9s pour nous aider \u00e0 la d\u00e9tection des commentaires ind\u00e9sirables. Une [&hellip;]<\/p>\n","protected":false},"author":1,"featured_media":0,"parent":0,"menu_order":0,"comment_status":"closed","ping_status":"open","template":"page-contenubase.php","meta":{"_acf_changed":false,"footnotes":""},"class_list":["post-3","page","type-page","status-publish","hentry"],"acf":[],"yoast_head":"<!-- This site is optimized with the Yoast SEO plugin v27.2 - https:\/\/yoast.com\/product\/yoast-seo-wordpress\/ -->\n<title>Politique de confidentialit\u00e9 - Charles Christ Restauration<\/title>\n<meta name=\"description\" content=\"Vous trouverez ici notre politique de confidentialit\u00e9 pour notre site Charles Christ RHF, conserverie fran\u00e7aise de plats pr\u00e9par\u00e9s fran\u00e7ais.\" \/>\n<meta name=\"robots\" content=\"index, follow, max-snippet:-1, max-image-preview:large, max-video-preview:-1\" \/>\n<link rel=\"canonical\" href=\"https:\/\/www.charles-christ.fr\/restauration\/politique-de-confidentialite\/\" \/>\n<meta property=\"og:locale\" content=\"fr_FR\" \/>\n<meta property=\"og:type\" content=\"article\" \/>\n<meta property=\"og:title\" content=\"Politique de confidentialit\u00e9 - Charles Christ Restauration\" \/>\n<meta property=\"og:description\" content=\"Vous trouverez ici notre politique de confidentialit\u00e9 pour notre site Charles Christ RHF, conserverie fran\u00e7aise de plats pr\u00e9par\u00e9s fran\u00e7ais.\" \/>\n<meta property=\"og:url\" content=\"https:\/\/www.charles-christ.fr\/restauration\/politique-de-confidentialite\/\" \/>\n<meta property=\"og:site_name\" content=\"Charles Christ Restauration\" \/>\n<meta property=\"article:modified_time\" content=\"2021-04-12T14:08:32+00:00\" \/>\n<meta name=\"twitter:card\" content=\"summary_large_image\" \/>\n<meta name=\"twitter:label1\" content=\"Dur\u00e9e de lecture estim\u00e9e\" \/>\n\t<meta name=\"twitter:data1\" content=\"4 minutes\" \/>\n<script type=\"application\/ld+json\" class=\"yoast-schema-graph\">{\"@context\":\"https:\/\/schema.org\",\"@graph\":[{\"@type\":\"WebPage\",\"@id\":\"https:\/\/www.charles-christ.fr\/restauration\/politique-de-confidentialite\/\",\"url\":\"https:\/\/www.charles-christ.fr\/restauration\/politique-de-confidentialite\/\",\"name\":\"Politique de confidentialit\u00e9 - Charles Christ Restauration\",\"isPartOf\":{\"@id\":\"https:\/\/www.charles-christ.fr\/restauration\/#website\"},\"datePublished\":\"2020-02-27T09:10:31+00:00\",\"dateModified\":\"2021-04-12T14:08:32+00:00\",\"description\":\"Vous trouverez ici notre politique de confidentialit\u00e9 pour notre site Charles Christ RHF, conserverie fran\u00e7aise de plats pr\u00e9par\u00e9s fran\u00e7ais.\",\"inLanguage\":\"fr-FR\",\"potentialAction\":[{\"@type\":\"ReadAction\",\"target\":[\"https:\/\/www.charles-christ.fr\/restauration\/politique-de-confidentialite\/\"]}]},{\"@type\":\"WebSite\",\"@id\":\"https:\/\/www.charles-christ.fr\/restauration\/#website\",\"url\":\"https:\/\/www.charles-christ.fr\/restauration\/\",\"name\":\"Charles Christ Restauration\",\"description\":\"Plats cuisin\u00e9s fran\u00e7ais depuis 1929\",\"potentialAction\":[{\"@type\":\"SearchAction\",\"target\":{\"@type\":\"EntryPoint\",\"urlTemplate\":\"https:\/\/www.charles-christ.fr\/restauration\/?s={search_term_string}\"},\"query-input\":{\"@type\":\"PropertyValueSpecification\",\"valueRequired\":true,\"valueName\":\"search_term_string\"}}],\"inLanguage\":\"fr-FR\"}]}<\/script>\n<!-- \/ Yoast SEO plugin. -->","yoast_head_json":{"title":"Politique de confidentialit\u00e9 - Charles Christ Restauration","description":"Vous trouverez ici notre politique de confidentialit\u00e9 pour notre site Charles Christ RHF, conserverie fran\u00e7aise de plats pr\u00e9par\u00e9s fran\u00e7ais.","robots":{"index":"index","follow":"follow","max-snippet":"max-snippet:-1","max-image-preview":"max-image-preview:large","max-video-preview":"max-video-preview:-1"},"canonical":"https:\/\/www.charles-christ.fr\/restauration\/politique-de-confidentialite\/","og_locale":"fr_FR","og_type":"article","og_title":"Politique de confidentialit\u00e9 - Charles Christ Restauration","og_description":"Vous trouverez ici notre politique de confidentialit\u00e9 pour notre site Charles Christ RHF, conserverie fran\u00e7aise de plats pr\u00e9par\u00e9s fran\u00e7ais.","og_url":"https:\/\/www.charles-christ.fr\/restauration\/politique-de-confidentialite\/","og_site_name":"Charles Christ Restauration","article_modified_time":"2021-04-12T14:08:32+00:00","twitter_card":"summary_large_image","twitter_misc":{"Dur\u00e9e de lecture estim\u00e9e":"4 minutes"},"schema":{"@context":"https:\/\/schema.org","@graph":[{"@type":"WebPage","@id":"https:\/\/www.charles-christ.fr\/restauration\/politique-de-confidentialite\/","url":"https:\/\/www.charles-christ.fr\/restauration\/politique-de-confidentialite\/","name":"Politique de confidentialit\u00e9 - Charles Christ Restauration","isPartOf":{"@id":"https:\/\/www.charles-christ.fr\/restauration\/#website"},"datePublished":"2020-02-27T09:10:31+00:00","dateModified":"2021-04-12T14:08:32+00:00","description":"Vous trouverez ici notre politique de confidentialit\u00e9 pour notre site Charles Christ RHF, conserverie fran\u00e7aise de plats pr\u00e9par\u00e9s fran\u00e7ais.","inLanguage":"fr-FR","potentialAction":[{"@type":"ReadAction","target":["https:\/\/www.charles-christ.fr\/restauration\/politique-de-confidentialite\/"]}]},{"@type":"WebSite","@id":"https:\/\/www.charles-christ.fr\/restauration\/#website","url":"https:\/\/www.charles-christ.fr\/restauration\/","name":"Charles Christ Restauration","description":"Plats cuisin\u00e9s fran\u00e7ais depuis 1929","potentialAction":[{"@type":"SearchAction","target":{"@type":"EntryPoint","urlTemplate":"https:\/\/www.charles-christ.fr\/restauration\/?s={search_term_string}"},"query-input":{"@type":"PropertyValueSpecification","valueRequired":true,"valueName":"search_term_string"}}],"inLanguage":"fr-FR"}]}},"_links":{"self":[{"href":"https:\/\/www.charles-christ.fr\/restauration\/wp-json\/wp\/v2\/pages\/3","targetHints":{"allow":["GET"]}}],"collection":[{"href":"https:\/\/www.charles-christ.fr\/restauration\/wp-json\/wp\/v2\/pages"}],"about":[{"href":"https:\/\/www.charles-christ.fr\/restauration\/wp-json\/wp\/v2\/types\/page"}],"author":[{"embeddable":true,"href":"https:\/\/www.charles-christ.fr\/restauration\/wp-json\/wp\/v2\/users\/1"}],"replies":[{"embeddable":true,"href":"https:\/\/www.charles-christ.fr\/restauration\/wp-json\/wp\/v2\/comments?post=3"}],"version-history":[{"count":4,"href":"https:\/\/www.charles-christ.fr\/restauration\/wp-json\/wp\/v2\/pages\/3\/revisions"}],"predecessor-version":[{"id":721,"href":"https:\/\/www.charles-christ.fr\/restauration\/wp-json\/wp\/v2\/pages\/3\/revisions\/721"}],"wp:attachment":[{"href":"https:\/\/www.charles-christ.fr\/restauration\/wp-json\/wp\/v2\/media?parent=3"}],"curies":[{"name":"wp","href":"https:\/\/api.w.org\/{rel}","templated":true}]}}